{"id":127,"date":"2026-02-15T15:35:35","date_gmt":"2026-02-15T15:35:35","guid":{"rendered":"https:\/\/scopeducativ.ro\/?page_id=127"},"modified":"2026-02-15T15:37:04","modified_gmt":"2026-02-15T15:37:04","slug":"training","status":"publish","type":"page","link":"https:\/\/scopeducativ.ro\/index.php\/training\/","title":{"rendered":"CURSURI"},"content":{"rendered":"\n<p>Cursuri online interactive, sau in format fizic, pentru dezvoltarea competen\u021belor profesionale \u0219i personale, adresate companiilor \u0219i persoanelor care vor s\u0103 \u00ee\u0219i \u00eembun\u0103t\u0103\u021beasc\u0103 abilit\u0103\u021bile de comunicare, management, leadership, v\u00e2nz\u0103ri \u0219i dezvoltare personal\u0103.<\/p>\n","protected":false},"excerpt":{"rendered":"<p>Cursuri online interactive, sau in format fizic, pentru dezvoltarea competen\u021belor profesionale \u0219i personale, adresate companiilor \u0219i persoanelor care vor s\u0103 \u00ee\u0219i \u00eembun\u0103t\u0103\u021beasc\u0103 abilit\u0103\u021bile de comunicare, management, leadership, v\u00e2nz\u0103ri \u0219i dezvoltare personal\u0103.<\/p>\n","protected":false},"author":1,"featured_media":0,"parent":0,"menu_order":0,"comment_status":"closed","ping_status":"closed","template":"","meta":{"footnotes":""},"class_list":["post-127","page","type-page","status-publish","hentry"],"_links":{"self":[{"href":"https:\/\/scopeducativ.ro\/index.php\/wp-json\/wp\/v2\/pages\/127","targetHints":{"allow":["GET"]}}],"collection":[{"href":"https:\/\/scopeducativ.ro\/index.php\/wp-json\/wp\/v2\/pages"}],"about":[{"href":"https:\/\/scopeducativ.ro\/index.php\/wp-json\/wp\/v2\/types\/page"}],"author":[{"embeddable":true,"href":"https:\/\/scopeducativ.ro\/index.php\/wp-json\/wp\/v2\/users\/1"}],"replies":[{"embeddable":true,"href":"https:\/\/scopeducativ.ro\/index.php\/wp-json\/wp\/v2\/comments?post=127"}],"version-history":[{"count":2,"href":"https:\/\/scopeducativ.ro\/index.php\/wp-json\/wp\/v2\/pages\/127\/revisions"}],"predecessor-version":[{"id":129,"href":"https:\/\/scopeducativ.ro\/index.php\/wp-json\/wp\/v2\/pages\/127\/revisions\/129"}],"wp:attachment":[{"href":"https:\/\/scopeducativ.ro\/index.php\/wp-json\/wp\/v2\/media?parent=127"}],"curies":[{"name":"wp","href":"https:\/\/api.w.org\/{rel}","templated":true}]}}