{"id":77,"date":"2026-02-08T14:30:33","date_gmt":"2026-02-08T14:30:33","guid":{"rendered":"https:\/\/scopeducativ.ro\/?page_id=77"},"modified":"2026-02-15T20:03:49","modified_gmt":"2026-02-15T20:03:49","slug":"suport","status":"publish","type":"page","link":"https:\/\/scopeducativ.ro\/index.php\/suport\/","title":{"rendered":"Suport"},"content":{"rendered":"\n<h2 class=\"wp-block-heading\">Suport<\/h2>\n\n\n\n<p>Pagina <strong>Suport<\/strong> este destinat\u0103:<\/p>\n\n\n\n<ul class=\"wp-block-list\">\n<li>cititorilor<\/li>\n\n\n\n<li>colaboratorilor<\/li>\n\n\n\n<li>editorilor<\/li>\n\n\n\n<li>trainerilor<\/li>\n\n\n\n<li>cadrelor didactice<\/li>\n\n\n\n<li>organiza\u021biilor \u0219i institu\u021biilor<\/li>\n<\/ul>\n\n\n\n<p>tuturor celor care interac\u021bioneaz\u0103 cu platforma <strong>scopeducativ.ro<\/strong>.<\/p>\n\n\n\n<h3 class=\"wp-block-heading\">Pentru cititori<\/h3>\n\n\n\n<p>Ne pute\u021bi contacta pentru:<\/p>\n\n\n\n<ul class=\"wp-block-list\">\n<li>semnalarea unor erori din articole<\/li>\n\n\n\n<li>solicit\u0103ri de clarific\u0103ri asupra informa\u021biilor publicate<\/li>\n\n\n\n<li>sugestii de subiecte educa\u021bionale<\/li>\n\n\n\n<li>probleme tehnice legate de func\u021bionarea site-ului<\/li>\n\n\n\n<li>solicit\u0103ri referitoare la modul de colaborare<\/li>\n\n\n\n<li>solicit\u0103ri referitoare la promovarea serviciilor dumneavoastr\u0103<\/li>\n<\/ul>\n\n\n\n<h3 class=\"wp-block-heading\">Pentru institu\u021bii \u0219i organiza\u021bii<\/h3>\n\n\n\n<p>Dac\u0103 reprezenta\u021bi:<\/p>\n\n\n\n<ul class=\"wp-block-list\">\n<li>o institu\u021bie public\u0103<\/li>\n\n\n\n<li>o unitate de \u00eenv\u0103\u021b\u0103m\u00e2nt<\/li>\n\n\n\n<li>un centru de formare<\/li>\n\n\n\n<li>o organiza\u021bie din domeniul educa\u021biei sau al resurselor umane<\/li>\n\n\n\n<li>o societate comercial\u0103 care are nevoie de programe de formare<\/li>\n\n\n\n<li>o organiza\u021bie guvernamental\u0103 sau non-guvernamental\u0103 (asocia\u021bie, funda\u021bie)<\/li>\n<\/ul>\n\n\n\n<p>ne pute\u021bi transmite:<\/p>\n\n\n\n<ul class=\"wp-block-list\">\n<li>comunicate<\/li>\n\n\n\n<li>inform\u0103ri oficiale<\/li>\n\n\n\n<li>propuneri de colaborare editorial\u0103<\/li>\n\n\n\n<li>solicit\u0103ri de programe de formare<\/li>\n<\/ul>\n\n\n\n<p>Platforma include o sec\u021biune dedicat\u0103 \u00een care organiza\u021biile, institu\u021biile publice, companiile sau ONG-urile pot publica <strong>cereri de ofert\u0103 pentru programe de formare<\/strong>, pentru a primi propuneri din partea trainerilor, organiza\u021biilor de training \u0219i centrelor de formare profesional\u0103.<\/p>\n\n\n\n<h3 class=\"wp-block-heading\">Pentru autori \u0219i colaboratori<\/h3>\n\n\n\n<p>Platforma scopeducativ.ro public\u0103:<\/p>\n\n\n\n<ul class=\"wp-block-list\">\n<li>\u0219tiri educa\u021bionale<\/li>\n\n\n\n<li>analize<\/li>\n\n\n\n<li>articole de opinie<\/li>\n\n\n\n<li>materiale informative din domeniul educa\u021biei \u0219i form\u0103rii profesionale<\/li>\n<\/ul>\n\n\n\n<p>De asemenea:<\/p>\n\n\n\n<ul class=\"wp-block-list\">\n<li>ofer\u0103 companiilor \u0219i institu\u021biilor publice posibilitatea s\u0103 \u00ee\u0219i publice nevoile de training sau de programe de instruire profesional\u0103, pentru a primi oferte de la trainerii din baza noastr\u0103 de date<\/li>\n\n\n\n<li>ofer\u0103 formatorilor \u0219i trainerilor posibilitatea s\u0103 \u00ee\u0219i publice articolele \u0219i s\u0103 intre \u00een leg\u0103tur\u0103 cu poten\u021bialii solicitan\u021bi de programe de formare: cursuri, programe de training, instruiri profesionale<\/li>\n<\/ul>\n\n\n\n<p>Propunerile editoriale \u0219i solicit\u0103rile din alte categorii se transmit prin email.<\/p>\n\n\n\n<h3 class=\"wp-block-heading\">Contact<\/h3>\n\n\n\n<p>Email: <strong><a>office@training-romania.com<\/a><\/strong><br>Telefon: <strong>0752 201 581<\/strong><\/p>\n\n\n\n<p>Program: luni\u2013vineri, 09:00\u201317:00<\/p>\n\n\n\n<p><\/p>\n","protected":false},"excerpt":{"rendered":"<p>Suport Pagina Suport este destinat\u0103: tuturor celor care interac\u021bioneaz\u0103 cu platforma scopeducativ.ro. Pentru cititori Ne pute\u021bi contacta pentru: Pentru institu\u021bii \u0219i organiza\u021bii Dac\u0103 reprezenta\u021bi: ne pute\u021bi transmite: Platforma include o sec\u021biune dedicat\u0103 \u00een care organiza\u021biile, institu\u021biile publice, companiile sau ONG-urile&hellip;<\/p>\n","protected":false},"author":1,"featured_media":0,"parent":0,"menu_order":0,"comment_status":"closed","ping_status":"closed","template":"","meta":{"footnotes":""},"class_list":["post-77","page","type-page","status-publish","hentry"],"_links":{"self":[{"href":"https:\/\/scopeducativ.ro\/index.php\/wp-json\/wp\/v2\/pages\/77","targetHints":{"allow":["GET"]}}],"collection":[{"href":"https:\/\/scopeducativ.ro\/index.php\/wp-json\/wp\/v2\/pages"}],"about":[{"href":"https:\/\/scopeducativ.ro\/index.php\/wp-json\/wp\/v2\/types\/page"}],"author":[{"embeddable":true,"href":"https:\/\/scopeducativ.ro\/index.php\/wp-json\/wp\/v2\/users\/1"}],"replies":[{"embeddable":true,"href":"https:\/\/scopeducativ.ro\/index.php\/wp-json\/wp\/v2\/comments?post=77"}],"version-history":[{"count":4,"href":"https:\/\/scopeducativ.ro\/index.php\/wp-json\/wp\/v2\/pages\/77\/revisions"}],"predecessor-version":[{"id":88,"href":"https:\/\/scopeducativ.ro\/index.php\/wp-json\/wp\/v2\/pages\/77\/revisions\/88"}],"wp:attachment":[{"href":"https:\/\/scopeducativ.ro\/index.php\/wp-json\/wp\/v2\/media?parent=77"}],"curies":[{"name":"wp","href":"https:\/\/api.w.org\/{rel}","templated":true}]}}