{"id":82,"date":"2026-02-08T14:59:27","date_gmt":"2026-02-08T14:59:27","guid":{"rendered":"https:\/\/scopeducativ.ro\/?page_id=82"},"modified":"2026-02-15T20:03:12","modified_gmt":"2026-02-15T20:03:12","slug":"sa-incepem","status":"publish","type":"page","link":"https:\/\/scopeducativ.ro\/index.php\/sa-incepem\/","title":{"rendered":"S\u0103 \u00eencepem"},"content":{"rendered":"\n<h2 class=\"wp-block-heading\">scopeducativ.ro este o platform\u0103 de \u0219tiri \u0219i informa\u021bii dedicate educa\u021biei, form\u0103rii profesionale \u0219i politicilor publice din domeniu.<\/h2>\n\n\n\n<h3 class=\"wp-block-heading\">Ce g\u0103si\u021bi pe scopeducativ.ro<\/h3>\n\n\n\n<ul class=\"wp-block-list\">\n<li>\u0219tiri educa\u021bionale din Rom\u00e2nia<\/li>\n\n\n\n<li>informa\u021bii despre formarea profesional\u0103 a adul\u021bilor<\/li>\n\n\n\n<li>actualiz\u0103ri legislative relevante<\/li>\n\n\n\n<li>analize \u0219i articole tematice<\/li>\n\n\n\n<li>comunicate ale institu\u021biilor publice \u0219i private<\/li>\n\n\n\n<li>propuneri de colaborare<\/li>\n\n\n\n<li>cereri de ofert\u0103 pentru programe de training, cursuri de formare, instruiri profesionale<\/li>\n\n\n\n<li>posibilitatea de a va promova prin bannere sau prin publicarea de articole<\/li>\n<\/ul>\n\n\n\n<h3 class=\"wp-block-heading\">Cum utiliza\u021bi platforma<\/h3>\n\n\n\n<ul class=\"wp-block-list\">\n<li>naviga\u021bi liber prin articolele publicate<\/li>\n\n\n\n<li>accesa\u021bi categoriile tematice<\/li>\n\n\n\n<li>distribui\u021bi articolele \u00een mediul online, cu men\u021bionarea sursei<\/li>\n\n\n\n<li>reveni\u021bi periodic pentru actualiz\u0103ri<\/li>\n<\/ul>\n\n\n\n<h3 class=\"wp-block-heading\">Implicare<\/h3>\n\n\n\n<p>Dac\u0103 dori\u021bi:<\/p>\n\n\n\n<ul class=\"wp-block-list\">\n<li>s\u0103 propune\u021bi un subiect<\/li>\n\n\n\n<li>s\u0103 transmite\u021bi o \u0219tire<\/li>\n\n\n\n<li>s\u0103 publica\u021bi un material editorial<\/li>\n\n\n\n<li>s\u0103 colabora\u021bi cu redac\u021bia<\/li>\n\n\n\n<li>s\u0103 publica\u021bi un banner<\/li>\n\n\n\n<li>s\u0103 publicati o cerere de ofert\u0103<\/li>\n\n\n\n<li>s\u0103 publicati propriile programe de formare<\/li>\n<\/ul>\n\n\n\n<p>v\u0103 invit\u0103m s\u0103 ne contacta\u021bi prin pagina <strong>Suport<\/strong>.<\/p>\n\n\n\n<p>scopeducativ.ro sus\u021bine informarea corect\u0103, clar\u0103 \u0219i relevant\u0103 \u00een domeniul educa\u021biei.<\/p>\n","protected":false},"excerpt":{"rendered":"<p>scopeducativ.ro este o platform\u0103 de \u0219tiri \u0219i informa\u021bii dedicate educa\u021biei, form\u0103rii profesionale \u0219i politicilor publice din domeniu. Ce g\u0103si\u021bi pe scopeducativ.ro Cum utiliza\u021bi platforma Implicare Dac\u0103 dori\u021bi: v\u0103 invit\u0103m s\u0103 ne contacta\u021bi prin pagina Suport. scopeducativ.ro sus\u021bine informarea corect\u0103, clar\u0103&hellip;<\/p>\n","protected":false},"author":1,"featured_media":0,"parent":0,"menu_order":0,"comment_status":"closed","ping_status":"closed","template":"","meta":{"footnotes":""},"class_list":["post-82","page","type-page","status-publish","hentry"],"_links":{"self":[{"href":"https:\/\/scopeducativ.ro\/index.php\/wp-json\/wp\/v2\/pages\/82","targetHints":{"allow":["GET"]}}],"collection":[{"href":"https:\/\/scopeducativ.ro\/index.php\/wp-json\/wp\/v2\/pages"}],"about":[{"href":"https:\/\/scopeducativ.ro\/index.php\/wp-json\/wp\/v2\/types\/page"}],"author":[{"embeddable":true,"href":"https:\/\/scopeducativ.ro\/index.php\/wp-json\/wp\/v2\/users\/1"}],"replies":[{"embeddable":true,"href":"https:\/\/scopeducativ.ro\/index.php\/wp-json\/wp\/v2\/comments?post=82"}],"version-history":[{"count":2,"href":"https:\/\/scopeducativ.ro\/index.php\/wp-json\/wp\/v2\/pages\/82\/revisions"}],"predecessor-version":[{"id":122,"href":"https:\/\/scopeducativ.ro\/index.php\/wp-json\/wp\/v2\/pages\/82\/revisions\/122"}],"wp:attachment":[{"href":"https:\/\/scopeducativ.ro\/index.php\/wp-json\/wp\/v2\/media?parent=82"}],"curies":[{"name":"wp","href":"https:\/\/api.w.org\/{rel}","templated":true}]}}